{"id":110,"date":"2025-11-03T07:25:45","date_gmt":"2025-11-03T07:25:45","guid":{"rendered":"https:\/\/pointdelivery.com.tr\/basvuru-landing\/?page_id=110"},"modified":"2025-11-03T16:07:44","modified_gmt":"2025-11-03T16:07:44","slug":"kvkk-aydinlatma-metni","status":"publish","type":"page","link":"https:\/\/pointdelivery.com.tr\/basvuru-landing\/kvkk-aydinlatma-metni\/","title":{"rendered":"KVKK Ayd\u0131nlatma Metni"},"content":{"rendered":"\t\t<div data-elementor-type=\"wp-page\" data-elementor-id=\"110\" class=\"elementor elementor-110\">\n\t\t\t\t<div class=\"elementor-element elementor-element-43e5cb5 e-flex e-con-boxed e-con e-parent\" data-id=\"43e5cb5\" data-element_type=\"container\">\n\t\t\t\t\t<div class=\"e-con-inner\">\n\t\t\t\t<div class=\"elementor-element elementor-element-0b6f69d elementor-widget elementor-widget-image\" data-id=\"0b6f69d\" data-element_type=\"widget\" data-widget_type=\"image.default\">\n\t\t\t\t\t\t\t\t\t\t\t\t\t\t\t<img decoding=\"async\" width=\"402\" height=\"62\" src=\"https:\/\/pointdelivery.com.tr\/basvuru-landing\/wp-content\/uploads\/2025\/10\/image-23.webp\" class=\"attachment-full size-full wp-image-19\" alt=\"\" srcset=\"https:\/\/pointdelivery.com.tr\/basvuru-landing\/wp-content\/uploads\/2025\/10\/image-23.webp 402w, https:\/\/pointdelivery.com.tr\/basvuru-landing\/wp-content\/uploads\/2025\/10\/image-23-300x46.webp 300w\" sizes=\"(max-width: 402px) 100vw, 402px\" \/>\t\t\t\t\t\t\t\t\t\t\t\t\t\t\t<\/div>\n\t\t\t\t\t<\/div>\n\t\t\t\t<\/div>\n\t\t<div class=\"elementor-element elementor-element-e4abb70 e-flex e-con-boxed e-con e-parent\" data-id=\"e4abb70\" data-element_type=\"container\">\n\t\t\t\t\t<div class=\"e-con-inner\">\n\t\t\t\t<div class=\"elementor-element elementor-element-bf23767 elementor-widget elementor-widget-text-editor\" data-id=\"bf23767\" data-element_type=\"widget\" data-widget_type=\"text-editor.default\">\n\t\t\t\t\t\t\t\t\t<h2 data-start=\"285\" data-end=\"350\"><strong data-start=\"288\" data-end=\"350\">K\u0130\u015e\u0130SEL VER\u0130LER\u0130N KORUNMASI KANUNU (KVKK) AYDINLATMA METN\u0130<\/strong><\/h2><p data-start=\"352\" data-end=\"658\"><strong data-start=\"352\" data-end=\"395\">Point Delivery Lojistik Hizmetleri A.\u015e.<\/strong> (\u201c<strong data-start=\"398\" data-end=\"408\">\u015eirket<\/strong>\u201d veya \u201c<strong data-start=\"416\" data-end=\"434\">Point Delivery<\/strong>\u201d) olarak, 6698 say\u0131l\u0131 Ki\u015fisel Verilerin Korunmas\u0131 Kanunu (\u201c<strong data-start=\"494\" data-end=\"502\">KVKK<\/strong>\u201d) uyar\u0131nca, ki\u015fisel verilerinizin g\u00fcvenli\u011fini sa\u011flamak ve yasal y\u00fck\u00fcml\u00fcl\u00fcklerimizi yerine getirmek amac\u0131yla a\u015fa\u011f\u0131daki hususlarda sizleri bilgilendiriyoruz.<\/p><h3 data-start=\"660\" data-end=\"685\"><strong data-start=\"664\" data-end=\"685\">1. Veri Sorumlusu<\/strong><\/h3><p data-start=\"686\" data-end=\"768\">KVKK uyar\u0131nca veri sorumlusu,<br data-start=\"715\" data-end=\"718\" \/><strong data-start=\"718\" data-end=\"761\">Point Delivery Lojistik Hizmetleri A.\u015e.<\/strong>\u2019dir.<\/p><p data-start=\"770\" data-end=\"911\"><strong data-start=\"770\" data-end=\"780\">Adres:<\/strong> Ye\u015filce Mah. Dahi Sk. No:2 D:6 Kat:3 Ka\u011f\u0131thane \/ \u0130stanbul<br data-start=\"838\" data-end=\"841\" \/><strong data-start=\"841\" data-end=\"853\">Telefon:<\/strong> 0850 259 45 45<br data-start=\"868\" data-end=\"871\" \/><strong data-start=\"871\" data-end=\"883\">E-posta:<\/strong> <a class=\"decorated-link cursor-pointer\" rel=\"noopener\" data-start=\"884\" data-end=\"909\">info@pointdelivery.com.tr<\/a><\/p><h3 data-start=\"913\" data-end=\"947\"><strong data-start=\"917\" data-end=\"947\">2. \u0130\u015flenen Ki\u015fisel Veriler<\/strong><\/h3><p data-start=\"948\" data-end=\"1026\">\u0130\u015f ba\u015fvuru s\u00fcreciniz kapsam\u0131nda a\u015fa\u011f\u0131daki ki\u015fisel verileriniz i\u015flenmektedir:<\/p><ul data-start=\"1027\" data-end=\"1388\"><li data-start=\"1027\" data-end=\"1077\"><p data-start=\"1029\" data-end=\"1077\">Kimlik Bilgileri (Ad, Soyad, Do\u011fum Tarihi vb.)<\/p><\/li><li data-start=\"1078\" data-end=\"1126\"><p data-start=\"1080\" data-end=\"1126\">\u0130leti\u015fim Bilgileri (Telefon, E-posta, Adres)<\/p><\/li><li data-start=\"1127\" data-end=\"1217\"><p data-start=\"1129\" data-end=\"1217\">E\u011fitim ve Mesleki Bilgiler (E\u011fitim durumu, sertifikalar, s\u00fcr\u00fcc\u00fc belgesi bilgileri vb.)<\/p><\/li><li data-start=\"1218\" data-end=\"1251\"><p data-start=\"1220\" data-end=\"1251\">Deneyim ve Referans Bilgileri<\/p><\/li><li data-start=\"1252\" data-end=\"1320\"><p data-start=\"1254\" data-end=\"1320\">G\u00f6rsel ve Ses Kay\u0131tlar\u0131 (foto\u011fraf, video g\u00f6r\u00fc\u015fme kay\u0131tlar\u0131, vb.)<\/p><\/li><li data-start=\"1321\" data-end=\"1388\"><p data-start=\"1323\" data-end=\"1388\">Di\u011fer ba\u015fvuru formunda ve\/veya \u00f6zge\u00e7mi\u015finizde yer alan bilgiler<\/p><\/li><\/ul><h3 data-start=\"1390\" data-end=\"1435\"><strong data-start=\"1394\" data-end=\"1435\">3. Ki\u015fisel Verilerin \u0130\u015flenme Ama\u00e7lar\u0131<\/strong><\/h3><p data-start=\"1436\" data-end=\"1467\">Toplanan ki\u015fisel verileriniz;<\/p><ul data-start=\"1468\" data-end=\"1735\"><li data-start=\"1468\" data-end=\"1506\"><p data-start=\"1470\" data-end=\"1506\">\u0130\u015fe al\u0131m s\u00fcre\u00e7lerinin y\u00fcr\u00fct\u00fclmesi,<\/p><\/li><li data-start=\"1507\" data-end=\"1592\"><p data-start=\"1509\" data-end=\"1592\">Aday de\u011ferlendirme, referans kontrol\u00fc ve m\u00fclakat s\u00fcre\u00e7lerinin ger\u00e7ekle\u015ftirilmesi,<\/p><\/li><li data-start=\"1593\" data-end=\"1656\"><p data-start=\"1595\" data-end=\"1656\">\u0130lgili mevzuattan do\u011fan y\u00fck\u00fcml\u00fcl\u00fcklerin yerine getirilmesi,<\/p><\/li><li data-start=\"1657\" data-end=\"1735\"><p data-start=\"1659\" data-end=\"1735\">\u0130nsan kaynaklar\u0131 politikalar\u0131n\u0131n y\u00fcr\u00fct\u00fclmesi,<br data-start=\"1704\" data-end=\"1707\" \/>ama\u00e7lar\u0131yla i\u015flenmektedir.<\/p><\/li><\/ul><h3 data-start=\"1737\" data-end=\"1777\"><strong data-start=\"1741\" data-end=\"1777\">4. Ki\u015fisel Verilerin Aktar\u0131lmas\u0131<\/strong><\/h3><p data-start=\"1778\" data-end=\"1860\">Ki\u015fisel verileriniz, yaln\u0131zca yukar\u0131da belirtilen ama\u00e7larla s\u0131n\u0131rl\u0131 olmak \u00fczere;<\/p><ul data-start=\"1861\" data-end=\"2065\"><li data-start=\"1861\" data-end=\"1901\"><p data-start=\"1863\" data-end=\"1901\">Yetkili kamu kurum ve kurulu\u015flar\u0131na,<\/p><\/li><li data-start=\"1902\" data-end=\"1982\"><p data-start=\"1904\" data-end=\"1982\">Hizmet al\u0131nan insan kaynaklar\u0131, bili\u015fim ve ileti\u015fim hizmeti sa\u011flay\u0131c\u0131lar\u0131na,<\/p><\/li><li data-start=\"1983\" data-end=\"2065\"><p data-start=\"1985\" data-end=\"2065\">Gerekti\u011finde i\u015f ortaklar\u0131na,<br data-start=\"2013\" data-end=\"2016\" \/>mevzuat h\u00fck\u00fcmlerine uygun olarak aktar\u0131labilir.<\/p><\/li><\/ul><h3 data-start=\"2067\" data-end=\"2123\"><strong data-start=\"2071\" data-end=\"2123\">5. Ki\u015fisel Veri Toplama Y\u00f6ntemi ve Hukuki Sebebi<\/strong><\/h3><p data-start=\"2124\" data-end=\"2453\">Ki\u015fisel verileriniz, i\u015f ba\u015fvuru formu, e-posta, web sitesi, kariyer platformlar\u0131 ve benzeri yollarla elektronik veya fiziki ortamda toplanmaktad\u0131r.<br data-start=\"2271\" data-end=\"2274\" \/>Verileriniz, <strong data-start=\"2287\" data-end=\"2363\">\u201cBir s\u00f6zle\u015fmenin kurulmas\u0131 veya ifas\u0131yla do\u011frudan do\u011fruya ilgili olmas\u0131\u201d<\/strong> ve <strong data-start=\"2367\" data-end=\"2405\">\u201cveri sorumlusunun me\u015fru menfaati\u201d<\/strong> hukuki sebeplerine dayan\u0131larak i\u015flenmektedir.<\/p><h3 data-start=\"2455\" data-end=\"2495\"><strong data-start=\"2459\" data-end=\"2495\">6. Veri Sahibi Olarak Haklar\u0131n\u0131z<\/strong><\/h3><p data-start=\"2496\" data-end=\"2565\">KVKK\u2019n\u0131n 11. maddesi uyar\u0131nca, ki\u015fisel verilerinizle ilgili olarak;<\/p><ul data-start=\"2566\" data-end=\"3242\"><li data-start=\"2566\" data-end=\"2610\"><p data-start=\"2568\" data-end=\"2610\">Verinizin i\u015flenip i\u015flenmedi\u011fini \u00f6\u011frenme,<\/p><\/li><li data-start=\"2611\" data-end=\"2656\"><p data-start=\"2613\" data-end=\"2656\">\u0130\u015flenmi\u015fse buna ili\u015fkin bilgi talep etme,<\/p><\/li><li data-start=\"2657\" data-end=\"2730\"><p data-start=\"2659\" data-end=\"2730\">\u0130\u015flenme amac\u0131n\u0131 ve amac\u0131na uygun kullan\u0131l\u0131p kullan\u0131lmad\u0131\u011f\u0131n\u0131 \u00f6\u011frenme,<\/p><\/li><li data-start=\"2731\" data-end=\"2799\"><p data-start=\"2733\" data-end=\"2799\">Yurt i\u00e7inde veya yurt d\u0131\u015f\u0131nda aktar\u0131ld\u0131\u011f\u0131 \u00fc\u00e7\u00fcnc\u00fc ki\u015fileri bilme,<\/p><\/li><li data-start=\"2800\" data-end=\"2855\"><p data-start=\"2802\" data-end=\"2855\">Eksik veya yanl\u0131\u015f i\u015flenmi\u015fse d\u00fczeltilmesini isteme,<\/p><\/li><li data-start=\"2856\" data-end=\"2957\"><p data-start=\"2858\" data-end=\"2957\">KVKK\u2019n\u0131n 7. maddesinde \u00f6ng\u00f6r\u00fclen \u015fartlar \u00e7er\u00e7evesinde silinmesini veya yok edilmesini talep etme,<\/p><\/li><li data-start=\"2958\" data-end=\"3012\"><p data-start=\"2960\" data-end=\"3012\">Aktar\u0131ld\u0131\u011f\u0131 \u00fc\u00e7\u00fcnc\u00fc ki\u015filere bildirilmesini isteme,<\/p><\/li><li data-start=\"3013\" data-end=\"3155\"><p data-start=\"3015\" data-end=\"3155\">\u0130\u015flenen verilerin m\u00fcnhas\u0131ran otomatik sistemler vas\u0131tas\u0131yla analiz edilmesi suretiyle aleyhinize bir sonucun ortaya \u00e7\u0131kmas\u0131na itiraz etme,<\/p><\/li><li data-start=\"3156\" data-end=\"3242\"><p data-start=\"3158\" data-end=\"3242\">Zarara u\u011framan\u0131z h\u00e2linde zarar\u0131n giderilmesini talep etme,<br data-start=\"3216\" data-end=\"3219\" \/>haklar\u0131na sahipsiniz.<\/p><\/li><\/ul><h3 data-start=\"3244\" data-end=\"3270\"><strong data-start=\"3248\" data-end=\"3270\">7. Ba\u015fvuru Y\u00f6ntemi<\/strong><\/h3><p data-start=\"3271\" data-end=\"3574\">Haklar\u0131n\u0131za ili\u015fkin taleplerinizi, <strong data-start=\"3306\" data-end=\"3335\"><a class=\"decorated-link cursor-pointer\" rel=\"noopener\" data-start=\"3308\" data-end=\"3333\">info@pointdelivery.com.tr<\/a><\/strong> adresine e-posta g\u00f6ndererek veya <strong data-start=\"3369\" data-end=\"3430\">Ye\u015filce Mah. Dahi Sk. No:2 D:6 Kat:3 Ka\u011f\u0131thane \/ \u0130stanbul<\/strong> adresine yaz\u0131l\u0131 olarak iletebilirsiniz. Ba\u015fvurular\u0131n\u0131z, niteli\u011fine g\u00f6re en ge\u00e7 30 (otuz) g\u00fcn i\u00e7erisinde \u00fccretsiz olarak sonu\u00e7land\u0131r\u0131lacakt\u0131r.<\/p>\t\t\t\t\t\t\t\t<\/div>\n\t\t\t\t\t<\/div>\n\t\t\t\t<\/div>\n\t\t<div class=\"elementor-element elementor-element-81469eb e-flex e-con-boxed e-con e-parent\" data-id=\"81469eb\" data-element_type=\"container\">\n\t\t\t\t\t<div class=\"e-con-inner\">\n\t\t\t\t<div class=\"elementor-element elementor-element-7017def elementor-widget elementor-widget-text-editor\" data-id=\"7017def\" data-element_type=\"widget\" data-widget_type=\"text-editor.default\">\n\t\t\t\t\t\t\t\t\t<p><span style=\"color: #000000;\"><a style=\"color: #000000;\" href=\"\/basvuru-landing\/kvkk-aydinlatma-metni\">KVKK Ayd\u0131nlatma Metni<\/a>\u00a0 \u00a0<a style=\"color: #000000;\" href=\"\/basvuru-landing\/cerez-politikasi\">\u00c7erez Politikas\u0131<\/a>\u00a0 \u00a0<a style=\"color: #000000;\" href=\"\/basvuru-landing\/gizlilik-sozlesmesi\">Gizlilik S\u00f6zle\u015fmesi<\/a><\/span><\/p>\t\t\t\t\t\t\t\t<\/div>\n\t\t\t\t\t<\/div>\n\t\t\t\t<\/div>\n\t\t\t\t<\/div>\n\t\t","protected":false},"excerpt":{"rendered":"<p>K\u0130\u015e\u0130SEL VER\u0130LER\u0130N KORUNMASI KANUNU (KVKK) AYDINLATMA METN\u0130 Point Delivery Lojistik Hizmetleri A.\u015e. (\u201c\u015eirket\u201d veya \u201cPoint Delivery\u201d) olarak, 6698 say\u0131l\u0131 Ki\u015fisel Verilerin Korunmas\u0131 Kanunu (\u201cKVKK\u201d) uyar\u0131nca, ki\u015fisel verilerinizin g\u00fcvenli\u011fini sa\u011flamak ve yasal y\u00fck\u00fcml\u00fcl\u00fcklerimizi yerine getirmek amac\u0131yla a\u015fa\u011f\u0131daki hususlarda sizleri bilgilendiriyoruz. 1. Veri Sorumlusu KVKK uyar\u0131nca veri sorumlusu,Point Delivery Lojistik Hizmetleri A.\u015e.\u2019dir. Adres: Ye\u015filce Mah. Dahi Sk. [&hellip;]<\/p>\n","protected":false},"author":1,"featured_media":0,"parent":0,"menu_order":0,"comment_status":"closed","ping_status":"closed","template":"elementor_canvas","meta":{"footnotes":""},"class_list":["post-110","page","type-page","status-publish","hentry"],"_links":{"self":[{"href":"https:\/\/pointdelivery.com.tr\/basvuru-landing\/wp-json\/wp\/v2\/pages\/110","targetHints":{"allow":["GET"]}}],"collection":[{"href":"https:\/\/pointdelivery.com.tr\/basvuru-landing\/wp-json\/wp\/v2\/pages"}],"about":[{"href":"https:\/\/pointdelivery.com.tr\/basvuru-landing\/wp-json\/wp\/v2\/types\/page"}],"author":[{"embeddable":true,"href":"https:\/\/pointdelivery.com.tr\/basvuru-landing\/wp-json\/wp\/v2\/users\/1"}],"replies":[{"embeddable":true,"href":"https:\/\/pointdelivery.com.tr\/basvuru-landing\/wp-json\/wp\/v2\/comments?post=110"}],"version-history":[{"count":16,"href":"https:\/\/pointdelivery.com.tr\/basvuru-landing\/wp-json\/wp\/v2\/pages\/110\/revisions"}],"predecessor-version":[{"id":151,"href":"https:\/\/pointdelivery.com.tr\/basvuru-landing\/wp-json\/wp\/v2\/pages\/110\/revisions\/151"}],"wp:attachment":[{"href":"https:\/\/pointdelivery.com.tr\/basvuru-landing\/wp-json\/wp\/v2\/media?parent=110"}],"curies":[{"name":"wp","href":"https:\/\/api.w.org\/{rel}","templated":true}]}}