{"id":127,"date":"2025-11-03T07:34:18","date_gmt":"2025-11-03T07:34:18","guid":{"rendered":"https:\/\/pointdelivery.com.tr\/basvuru-landing\/?page_id=127"},"modified":"2025-11-03T16:07:35","modified_gmt":"2025-11-03T16:07:35","slug":"cerez-politikasi","status":"publish","type":"page","link":"https:\/\/pointdelivery.com.tr\/basvuru-landing\/cerez-politikasi\/","title":{"rendered":"\u00c7erez Politikas\u0131"},"content":{"rendered":"\t\t<div data-elementor-type=\"wp-page\" data-elementor-id=\"127\" class=\"elementor elementor-127\">\n\t\t\t\t<div class=\"elementor-element elementor-element-43e5cb5 e-flex e-con-boxed e-con e-parent\" data-id=\"43e5cb5\" data-element_type=\"container\">\n\t\t\t\t\t<div class=\"e-con-inner\">\n\t\t\t\t<div class=\"elementor-element elementor-element-0b6f69d elementor-widget elementor-widget-image\" data-id=\"0b6f69d\" data-element_type=\"widget\" data-widget_type=\"image.default\">\n\t\t\t\t\t\t\t\t\t\t\t\t\t\t\t<img decoding=\"async\" width=\"402\" height=\"62\" src=\"https:\/\/pointdelivery.com.tr\/basvuru-landing\/wp-content\/uploads\/2025\/10\/image-23.webp\" class=\"attachment-full size-full wp-image-19\" alt=\"\" srcset=\"https:\/\/pointdelivery.com.tr\/basvuru-landing\/wp-content\/uploads\/2025\/10\/image-23.webp 402w, https:\/\/pointdelivery.com.tr\/basvuru-landing\/wp-content\/uploads\/2025\/10\/image-23-300x46.webp 300w\" sizes=\"(max-width: 402px) 100vw, 402px\" \/>\t\t\t\t\t\t\t\t\t\t\t\t\t\t\t<\/div>\n\t\t\t\t\t<\/div>\n\t\t\t\t<\/div>\n\t\t<div class=\"elementor-element elementor-element-e4abb70 e-flex e-con-boxed e-con e-parent\" data-id=\"e4abb70\" data-element_type=\"container\">\n\t\t\t\t\t<div class=\"e-con-inner\">\n\t\t\t\t<div class=\"elementor-element elementor-element-bf23767 elementor-widget elementor-widget-text-editor\" data-id=\"bf23767\" data-element_type=\"widget\" data-widget_type=\"text-editor.default\">\n\t\t\t\t\t\t\t\t\t<h2 data-start=\"331\" data-end=\"354\"><strong data-start=\"334\" data-end=\"354\">\u00c7EREZ POL\u0130T\u0130KASI<\/strong><\/h2><p data-start=\"356\" data-end=\"643\"><strong data-start=\"356\" data-end=\"382\">Son G\u00fcncelleme Tarihi:<\/strong> Kas\u0131m 2025<br data-start=\"393\" data-end=\"396\" \/><strong data-start=\"396\" data-end=\"439\">Point Delivery Lojistik Hizmetleri A.\u015e.<\/strong> (\u201c<strong data-start=\"442\" data-end=\"460\">Point Delivery<\/strong>\u201d, \u201c<strong data-start=\"464\" data-end=\"474\">\u015eirket<\/strong>\u201d veya \u201c<strong data-start=\"482\" data-end=\"489\">biz<\/strong>\u201d), sizlere daha iyi bir deneyim sunmak, web sitemizin i\u015flevselli\u011fini art\u0131rmak ve hizmetlerimizi geli\u015ftirmek amac\u0131yla \u00e7erezler (cookies) kullanmaktad\u0131r.<\/p><h3 data-start=\"645\" data-end=\"668\"><strong data-start=\"649\" data-end=\"668\">1. \u00c7erez Nedir?<\/strong><\/h3><p data-start=\"669\" data-end=\"885\">\u00c7erezler, ziyaret etti\u011finiz internet siteleri taraf\u0131ndan taray\u0131c\u0131n\u0131za veya cihaz\u0131n\u0131za kaydedilen k\u00fc\u00e7\u00fck metin dosyalar\u0131d\u0131r. Bu dosyalar sayesinde site, sizi ve tercihlerinizi belirli bir s\u00fcre boyunca hat\u0131rlayabilir.<\/p><h3 data-start=\"887\" data-end=\"931\"><strong data-start=\"891\" data-end=\"931\">2. Hangi T\u00fcr \u00c7erezleri Kullan\u0131yoruz?<\/strong><\/h3><p data-start=\"932\" data-end=\"988\">Web sitemizde a\u015fa\u011f\u0131daki t\u00fcr \u00e7erezler kullan\u0131lmaktad\u0131r:<\/p><ul data-start=\"990\" data-end=\"1546\"><li data-start=\"990\" data-end=\"1112\"><p data-start=\"992\" data-end=\"1112\"><strong data-start=\"992\" data-end=\"1013\">Zorunlu \u00c7erezler:<\/strong> Web sitesinin d\u00fczg\u00fcn \u015fekilde \u00e7al\u0131\u015fmas\u0131 i\u00e7in gereklidir. Bu \u00e7erezler olmadan site i\u015flevsel olmaz.<\/p><\/li><li data-start=\"1113\" data-end=\"1287\"><p data-start=\"1115\" data-end=\"1287\"><strong data-start=\"1115\" data-end=\"1152\">Performans ve Analitik \u00c7erezleri:<\/strong> Site kullan\u0131m\u0131n\u0131z\u0131 analiz etmek ve performans\u0131n\u0131 iyile\u015ftirmek amac\u0131yla kullan\u0131l\u0131r (\u00f6rne\u011fin; ziyaret say\u0131s\u0131, sayfada ge\u00e7irilen s\u00fcre).<\/p><\/li><li data-start=\"1288\" data-end=\"1426\"><p data-start=\"1290\" data-end=\"1426\"><strong data-start=\"1290\" data-end=\"1315\">Fonksiyonel \u00c7erezler:<\/strong> Tercihlerinizi (\u00f6rne\u011fin; dil se\u00e7imi, oturum bilgisi) hat\u0131rlayarak size ki\u015fiselle\u015ftirilmi\u015f bir deneyim sunar.<\/p><\/li><li data-start=\"1427\" data-end=\"1546\"><p data-start=\"1429\" data-end=\"1546\"><strong data-start=\"1429\" data-end=\"1462\">Reklam \/ Hedefleme \u00c7erezleri:<\/strong> \u0130lgi alanlar\u0131n\u0131za g\u00f6re size uygun i\u00e7erik ve reklamlar\u0131 g\u00f6stermek i\u00e7in kullan\u0131l\u0131r.<\/p><\/li><\/ul><h3 data-start=\"1548\" data-end=\"1587\"><strong data-start=\"1552\" data-end=\"1587\">3. \u00c7erezlerin Kullan\u0131m Ama\u00e7lar\u0131<\/strong><\/h3><p data-start=\"1588\" data-end=\"1644\">Toplanan \u00e7erez verileri \u015fu ama\u00e7larla kullan\u0131lmaktad\u0131r:<\/p><ul data-start=\"1645\" data-end=\"1881\"><li data-start=\"1645\" data-end=\"1700\"><p data-start=\"1647\" data-end=\"1700\">Web sitesinin \u00e7al\u0131\u015fmas\u0131 ve g\u00fcvenli\u011finin sa\u011flanmas\u0131,<\/p><\/li><li data-start=\"1701\" data-end=\"1737\"><p data-start=\"1703\" data-end=\"1737\">Site trafi\u011finin analiz edilmesi,<\/p><\/li><li data-start=\"1738\" data-end=\"1779\"><p data-start=\"1740\" data-end=\"1779\">Kullan\u0131c\u0131 deneyiminin geli\u015ftirilmesi,<\/p><\/li><li data-start=\"1780\" data-end=\"1835\"><p data-start=\"1782\" data-end=\"1835\">Hizmetlerin ki\u015fiselle\u015ftirilmesi ve iyile\u015ftirilmesi,<\/p><\/li><li data-start=\"1836\" data-end=\"1881\"><p data-start=\"1838\" data-end=\"1881\">Yasal y\u00fck\u00fcml\u00fcl\u00fcklerin yerine getirilmesi.<\/p><\/li><\/ul><h3 data-start=\"1883\" data-end=\"1908\"><strong data-start=\"1887\" data-end=\"1908\">4. \u00c7erez Y\u00f6netimi<\/strong><\/h3><p data-start=\"1909\" data-end=\"2148\">Taray\u0131c\u0131 ayarlar\u0131n\u0131z\u0131 kullanarak \u00e7erezleri kabul edebilir, reddedebilir veya belirli t\u00fcrdeki \u00e7erezleri devre d\u0131\u015f\u0131 b\u0131rakabilirsiniz. Ancak, baz\u0131 \u00e7erezleri devre d\u0131\u015f\u0131 b\u0131rakman\u0131z durumunda web sitesinin baz\u0131 b\u00f6l\u00fcmleri d\u00fczg\u00fcn \u00e7al\u0131\u015fmayabilir.<\/p><p data-start=\"2150\" data-end=\"2252\">Taray\u0131c\u0131n\u0131z \u00fczerinden \u00e7erez ayarlar\u0131n\u0131z\u0131 y\u00f6netmek i\u00e7in a\u015fa\u011f\u0131daki ba\u011flant\u0131lardan yararlanabilirsiniz:<\/p><ul data-start=\"2253\" data-end=\"2537\"><li data-start=\"2253\" data-end=\"2320\"><p data-start=\"2255\" data-end=\"2320\"><a class=\"decorated-link cursor-pointer\" target=\"_new\" rel=\"noopener\" data-start=\"2255\" data-end=\"2318\">Google Chrome<\/a><\/p><\/li><li data-start=\"2321\" data-end=\"2393\"><p data-start=\"2323\" data-end=\"2393\"><a class=\"decorated-link cursor-pointer\" target=\"_new\" rel=\"noopener\" data-start=\"2323\" data-end=\"2391\">Mozilla Firefox<\/a><\/p><\/li><li data-start=\"2394\" data-end=\"2464\"><p data-start=\"2396\" data-end=\"2464\"><a class=\"decorated-link cursor-pointer\" target=\"_new\" rel=\"noopener\" data-start=\"2396\" data-end=\"2462\">Microsoft Edge<\/a><\/p><\/li><li data-start=\"2465\" data-end=\"2537\"><p data-start=\"2467\" data-end=\"2537\"><a class=\"decorated-link cursor-pointer\" target=\"_new\" rel=\"noopener\" data-start=\"2467\" data-end=\"2535\">Safari<\/a><\/p><\/li><\/ul><h3 data-start=\"2539\" data-end=\"2571\"><strong data-start=\"2543\" data-end=\"2571\">5. \u00dc\u00e7\u00fcnc\u00fc Taraf \u00c7erezler<\/strong><\/h3><p data-start=\"2572\" data-end=\"2780\">Web sitemizde, analitik veya reklam hizmeti sa\u011flayan \u00fc\u00e7\u00fcnc\u00fc taraf firmalara ait \u00e7erezler kullan\u0131labilir (\u00f6rne\u011fin: Google Analytics). Bu firmalar, kendi gizlilik politikalar\u0131 do\u011frultusunda veri toplayabilir.<\/p><h3 data-start=\"2782\" data-end=\"2820\"><strong data-start=\"2786\" data-end=\"2820\">6. Ki\u015fisel Verilerin \u0130\u015flenmesi<\/strong><\/h3><p data-start=\"2821\" data-end=\"3038\">\u00c7erezler arac\u0131l\u0131\u011f\u0131yla elde edilen ki\u015fisel verileriniz, <strong data-start=\"2876\" data-end=\"2933\">6698 say\u0131l\u0131 Ki\u015fisel Verilerin Korunmas\u0131 Kanunu (KVKK)<\/strong>\u2019na uygun olarak i\u015flenmekte olup, detayl\u0131 bilgiye <strong data-start=\"2983\" data-end=\"3019\"><a class=\"decorated-link\" href=\"#\" rel=\"noopener\" data-start=\"2985\" data-end=\"3017\">KVKK Ayd\u0131nlatma Metnimizden<\/a><\/strong> ula\u015fabilirsiniz.<\/p><h3 data-start=\"3040\" data-end=\"3059\"><strong data-start=\"3044\" data-end=\"3059\">7. \u0130leti\u015fim<\/strong><\/h3><p data-start=\"3060\" data-end=\"3179\">\u00c7erez Politikam\u0131zla veya ki\u015fisel verilerinizin i\u015flenmesiyle ilgili sorular\u0131n\u0131z i\u00e7in bizimle ileti\u015fime ge\u00e7ebilirsiniz:<\/p><p data-start=\"3181\" data-end=\"3368\"><strong data-start=\"3181\" data-end=\"3224\">Point Delivery Lojistik Hizmetleri A.\u015e.<\/strong><br data-start=\"3224\" data-end=\"3227\" \/><strong data-start=\"3227\" data-end=\"3237\">Adres:<\/strong> Ye\u015filce Mah. Dahi Sk. No:2 D:6 Kat:3 Ka\u011f\u0131thane \/ \u0130stanbul<br data-start=\"3295\" data-end=\"3298\" \/><strong data-start=\"3298\" data-end=\"3310\">Telefon:<\/strong> 0850 259 45 45<br data-start=\"3325\" data-end=\"3328\" \/><strong data-start=\"3328\" data-end=\"3340\">E-posta:<\/strong> <a class=\"decorated-link cursor-pointer\" rel=\"noopener\" data-start=\"3341\" data-end=\"3366\">info@pointdelivery.com.tr<\/a><\/p>\t\t\t\t\t\t\t\t<\/div>\n\t\t\t\t\t<\/div>\n\t\t\t\t<\/div>\n\t\t<div class=\"elementor-element elementor-element-81469eb e-flex e-con-boxed e-con e-parent\" data-id=\"81469eb\" data-element_type=\"container\">\n\t\t\t\t\t<div class=\"e-con-inner\">\n\t\t\t\t<div class=\"elementor-element elementor-element-a25464f elementor-widget elementor-widget-text-editor\" data-id=\"a25464f\" data-element_type=\"widget\" data-widget_type=\"text-editor.default\">\n\t\t\t\t\t\t\t\t\t<p><span style=\"color: #000000;\"><a style=\"color: #000000;\" href=\"\/basvuru-landing\/kvkk-aydinlatma-metni\">KVKK Ayd\u0131nlatma Metni<\/a>\u00a0 \u00a0<a style=\"color: #000000;\" href=\"\/basvuru-landing\/cerez-politikasi\">\u00c7erez Politikas\u0131<\/a>\u00a0 \u00a0<a style=\"color: #000000;\" href=\"\/basvuru-landing\/gizlilik-sozlesmesi\">Gizlilik S\u00f6zle\u015fmesi<\/a><\/span><\/p>\t\t\t\t\t\t\t\t<\/div>\n\t\t\t\t\t<\/div>\n\t\t\t\t<\/div>\n\t\t\t\t<\/div>\n\t\t","protected":false},"excerpt":{"rendered":"<p>\u00c7EREZ POL\u0130T\u0130KASI Son G\u00fcncelleme Tarihi: Kas\u0131m 2025Point Delivery Lojistik Hizmetleri A.\u015e. (\u201cPoint Delivery\u201d, \u201c\u015eirket\u201d veya \u201cbiz\u201d), sizlere daha iyi bir deneyim sunmak, web sitemizin i\u015flevselli\u011fini art\u0131rmak ve hizmetlerimizi geli\u015ftirmek amac\u0131yla \u00e7erezler (cookies) kullanmaktad\u0131r. 1. \u00c7erez Nedir? \u00c7erezler, ziyaret etti\u011finiz internet siteleri taraf\u0131ndan taray\u0131c\u0131n\u0131za veya cihaz\u0131n\u0131za kaydedilen k\u00fc\u00e7\u00fck metin dosyalar\u0131d\u0131r. Bu dosyalar sayesinde site, sizi ve [&hellip;]<\/p>\n","protected":false},"author":1,"featured_media":0,"parent":0,"menu_order":0,"comment_status":"closed","ping_status":"closed","template":"elementor_canvas","meta":{"footnotes":""},"class_list":["post-127","page","type-page","status-publish","hentry"],"_links":{"self":[{"href":"https:\/\/pointdelivery.com.tr\/basvuru-landing\/wp-json\/wp\/v2\/pages\/127","targetHints":{"allow":["GET"]}}],"collection":[{"href":"https:\/\/pointdelivery.com.tr\/basvuru-landing\/wp-json\/wp\/v2\/pages"}],"about":[{"href":"https:\/\/pointdelivery.com.tr\/basvuru-landing\/wp-json\/wp\/v2\/types\/page"}],"author":[{"embeddable":true,"href":"https:\/\/pointdelivery.com.tr\/basvuru-landing\/wp-json\/wp\/v2\/users\/1"}],"replies":[{"embeddable":true,"href":"https:\/\/pointdelivery.com.tr\/basvuru-landing\/wp-json\/wp\/v2\/comments?post=127"}],"version-history":[{"count":7,"href":"https:\/\/pointdelivery.com.tr\/basvuru-landing\/wp-json\/wp\/v2\/pages\/127\/revisions"}],"predecessor-version":[{"id":145,"href":"https:\/\/pointdelivery.com.tr\/basvuru-landing\/wp-json\/wp\/v2\/pages\/127\/revisions\/145"}],"wp:attachment":[{"href":"https:\/\/pointdelivery.com.tr\/basvuru-landing\/wp-json\/wp\/v2\/media?parent=127"}],"curies":[{"name":"wp","href":"https:\/\/api.w.org\/{rel}","templated":true}]}}