{"id":14,"date":"2025-10-31T11:12:23","date_gmt":"2025-10-31T11:12:23","guid":{"rendered":"https:\/\/pointdelivery.com.tr\/basvuru-landing\/?page_id=14"},"modified":"2025-11-27T09:48:38","modified_gmt":"2025-11-27T06:48:38","slug":"anasayfa","status":"publish","type":"page","link":"https:\/\/pointdelivery.com.tr\/basvuru-landing\/","title":{"rendered":"Anasayfa"},"content":{"rendered":"\t\t<div data-elementor-type=\"wp-page\" data-elementor-id=\"14\" class=\"elementor elementor-14\">\n\t\t\t\t<div class=\"elementor-element elementor-element-43e5cb5 e-flex e-con-boxed e-con e-parent\" data-id=\"43e5cb5\" data-element_type=\"container\">\n\t\t\t\t\t<div class=\"e-con-inner\">\n\t\t\t\t<div class=\"elementor-element elementor-element-0b6f69d elementor-widget elementor-widget-image\" data-id=\"0b6f69d\" data-element_type=\"widget\" data-widget_type=\"image.default\">\n\t\t\t\t\t\t\t\t\t\t\t\t\t\t\t<img decoding=\"async\" width=\"402\" height=\"62\" src=\"https:\/\/pointdelivery.com.tr\/basvuru-landing\/wp-content\/uploads\/2025\/10\/image-23.webp\" class=\"attachment-full size-full wp-image-19\" alt=\"\" srcset=\"https:\/\/pointdelivery.com.tr\/basvuru-landing\/wp-content\/uploads\/2025\/10\/image-23.webp 402w, https:\/\/pointdelivery.com.tr\/basvuru-landing\/wp-content\/uploads\/2025\/10\/image-23-300x46.webp 300w\" sizes=\"(max-width: 402px) 100vw, 402px\" \/>\t\t\t\t\t\t\t\t\t\t\t\t\t\t\t<\/div>\n\t\t\t\t\t<\/div>\n\t\t\t\t<\/div>\n\t\t<div class=\"elementor-element elementor-element-a9eed47 e-flex e-con-boxed e-con e-parent\" data-id=\"a9eed47\" data-element_type=\"container\">\n\t\t\t\t\t<div class=\"e-con-inner\">\n\t\t<div class=\"elementor-element elementor-element-4a6ad99 e-con-full e-flex e-con e-child\" data-id=\"4a6ad99\" data-element_type=\"container\">\n\t\t\t\t<div class=\"elementor-element elementor-element-8fdcfac elementor-widget elementor-widget-heading\" data-id=\"8fdcfac\" data-element_type=\"widget\" data-widget_type=\"heading.default\">\n\t\t\t\t\t<h2 class=\"elementor-heading-title elementor-size-default\">Point Delivery B\u00fcnyesinde Sigortal\u0131 \u00c7al\u0131\u015fma F\u0131rsat\u0131!<\/h2>\t\t\t\t<\/div>\n\t\t\t\t<div class=\"elementor-element elementor-element-04f7077 elementor-widget elementor-widget-heading\" data-id=\"04f7077\" data-element_type=\"widget\" data-widget_type=\"heading.default\">\n\t\t\t\t\t<h2 class=\"elementor-heading-title elementor-size-default\">Haftal\u0131k 30.000 TL'ye varan kazan\u00e7 ile \u015fimdi aram\u0131za kat\u0131l!<\/h2>\t\t\t\t<\/div>\n\t\t\t\t<div class=\"elementor-element elementor-element-f48cd20 elementor-widget elementor-widget-text-editor\" data-id=\"f48cd20\" data-element_type=\"widget\" data-widget_type=\"text-editor.default\">\n\t\t\t\t\t\t\t\t\t<p>\u00dcstelik P1 belgeniz yoksa P2 belgemiz ile \u00e7al\u0131\u015fmaya hemen ba\u015flayabilirsiniz.<\/p>\t\t\t\t\t\t\t\t<\/div>\n\t\t\t\t<div class=\"elementor-element elementor-element-90b2cc9 elementor-widget elementor-widget-image\" data-id=\"90b2cc9\" data-element_type=\"widget\" data-widget_type=\"image.default\">\n\t\t\t\t\t\t\t\t\t\t\t\t\t\t\t<img fetchpriority=\"high\" decoding=\"async\" width=\"1184\" height=\"864\" src=\"https:\/\/pointdelivery.com.tr\/basvuru-landing\/wp-content\/uploads\/2025\/11\/Point-Delivery-Ayricaliklari-Ile-Yemeksepeti-Projesinde-Calismaya-Baslayin.webp\" class=\"attachment-full size-full wp-image-165\" alt=\"\" srcset=\"https:\/\/pointdelivery.com.tr\/basvuru-landing\/wp-content\/uploads\/2025\/11\/Point-Delivery-Ayricaliklari-Ile-Yemeksepeti-Projesinde-Calismaya-Baslayin.webp 1184w, https:\/\/pointdelivery.com.tr\/basvuru-landing\/wp-content\/uploads\/2025\/11\/Point-Delivery-Ayricaliklari-Ile-Yemeksepeti-Projesinde-Calismaya-Baslayin-300x219.webp 300w, https:\/\/pointdelivery.com.tr\/basvuru-landing\/wp-content\/uploads\/2025\/11\/Point-Delivery-Ayricaliklari-Ile-Yemeksepeti-Projesinde-Calismaya-Baslayin-1024x747.webp 1024w, https:\/\/pointdelivery.com.tr\/basvuru-landing\/wp-content\/uploads\/2025\/11\/Point-Delivery-Ayricaliklari-Ile-Yemeksepeti-Projesinde-Calismaya-Baslayin-768x560.webp 768w\" sizes=\"(max-width: 1184px) 100vw, 1184px\" \/>\t\t\t\t\t\t\t\t\t\t\t\t\t\t\t<\/div>\n\t\t\t\t<\/div>\n\t\t<div class=\"elementor-element elementor-element-dfdf227 e-con-full e-flex e-con e-child\" data-id=\"dfdf227\" data-element_type=\"container\" data-settings=\"{&quot;background_background&quot;:&quot;classic&quot;}\">\n\t\t\t\t<div class=\"elementor-element elementor-element-75cd901 elementor-widget elementor-widget-heading\" data-id=\"75cd901\" data-element_type=\"widget\" data-widget_type=\"heading.default\">\n\t\t\t\t\t<h2 class=\"elementor-heading-title elementor-size-default\">Hemen Ba\u015fvur<\/h2>\t\t\t\t<\/div>\n\t\t\t\t<div class=\"elementor-element elementor-element-4f71b94 elementor-widget elementor-widget-shortcode\" data-id=\"4f71b94\" data-element_type=\"widget\" data-widget_type=\"shortcode.default\">\n\t\t\t\t\t\t\t<div class=\"elementor-shortcode\"><div class=\"forminator-ui forminator-custom-form forminator-custom-form-32 forminator-design--default  forminator_ajax\" data-forminator-render=\"0\" data-form=\"forminator-module-32\" data-uid=\"69e083d4f0103\"><br\/><\/div><form\n\t\t\t\tid=\"forminator-module-32\"\n\t\t\t\tclass=\"forminator-ui forminator-custom-form forminator-custom-form-32 forminator-design--default  forminator_ajax\"\n\t\t\t\tmethod=\"post\"\n\t\t\t\tdata-forminator-render=\"0\"\n\t\t\t\tdata-form-id=\"32\"\n\t\t\t\t data-color-option=\"theme\" data-design=\"default\" data-grid=\"open\" style=\"display: none;\"\n\t\t\t\tdata-uid=\"69e083d4f0103\"\n\t\t\t><div role=\"alert\" aria-live=\"polite\" class=\"forminator-response-message forminator-error\" aria-hidden=\"true\"><\/div><div class=\"forminator-row\"><div id=\"name-1\" class=\"forminator-field-name forminator-col forminator-col-12 \"><div class=\"forminator-field\"><label for=\"forminator-field-name-1_69e083d4f0103\" id=\"forminator-field-name-1_69e083d4f0103-label\" class=\"forminator-label\">Ad Soyad <span class=\"forminator-required\">*<\/span><\/label><input type=\"text\" name=\"name-1\" value=\"\" placeholder=\"\" id=\"forminator-field-name-1_69e083d4f0103\" class=\"forminator-input forminator-name--field\" aria-required=\"true\" autocomplete=\"name\" \/><\/div><\/div><\/div><div class=\"forminator-row\"><div id=\"phone-1\" class=\"forminator-field-phone forminator-col forminator-col-12 \"><div class=\"forminator-field\"><label for=\"forminator-field-phone-1_69e083d4f0103\" id=\"forminator-field-phone-1_69e083d4f0103-label\" class=\"forminator-label\">Telefon Numaras\u0131 <span class=\"forminator-required\">*<\/span><\/label><input type=\"text\" name=\"phone-1\" value=\"\" placeholder=\"\" id=\"forminator-field-phone-1_69e083d4f0103\" class=\"forminator-input forminator-field--phone\" data-required=\"1\" aria-required=\"true\" autocomplete=\"off\" data-national_mode=\"enabled\" data-country=\"tr\" data-validation=\"standard\" \/><\/div><\/div><\/div><div class=\"forminator-row\"><div id=\"email-1\" class=\"forminator-field-email forminator-col forminator-col-12 \"><div class=\"forminator-field\"><label for=\"forminator-field-email-1_69e083d4f0103\" id=\"forminator-field-email-1_69e083d4f0103-label\" class=\"forminator-label\">E-posta Adresi <span class=\"forminator-required\">*<\/span><\/label><input type=\"email\" name=\"email-1\" value=\"\" placeholder=\"\" id=\"forminator-field-email-1_69e083d4f0103\" class=\"forminator-input forminator-email--field\" data-required=\"1\" aria-required=\"true\" autocomplete=\"email\" \/><\/div><\/div><\/div><div class=\"forminator-row\"><div id=\"date-1\" class=\"forminator-field-date forminator-col forminator-col-12 \"><div class=\"forminator-field\"><label for=\"forminator-field-date-1-picker_69e083d4f0103\" id=\"forminator-field-date-1-picker_69e083d4f0103-label\" class=\"forminator-label\">Do\u011fum Tarihi <span class=\"forminator-required\">*<\/span><\/label><div class=\"forminator-input-with-icon\"><span class=\"forminator-icon-calendar\" aria-hidden=\"true\"><\/span><input autocomplete=\"off\" type=\"text\" size=\"1\" name=\"date-1\" value=\"\" placeholder=\"Tarih Se\u00e7\" id=\"forminator-field-date-1-picker_69e083d4f0103\" class=\"forminator-input forminator-datepicker\" data-required=\"1\" data-format=\"mm\/dd\/yy\" data-restrict-type=\"\" data-restrict=\"\" data-start-year=\"1926\" data-end-year=\"2126\" data-past-dates=\"enable\" data-start-of-week=\"1\" data-start-date=\"\" data-end-date=\"\" data-start-field=\"\" data-end-field=\"\" data-start-offset=\"\" data-end-offset=\"\" data-disable-date=\"\" data-disable-range=\"\" \/><\/div><\/div><\/div><\/div><div class=\"forminator-row\"><div id=\"select-1\" class=\"forminator-field-select forminator-col forminator-col-12 \"><div class=\"forminator-field\"><label for=\"forminator-form-32__field--select-1_69e083d4f0103\" id=\"forminator-form-32__field--select-1_69e083d4f0103-label\" class=\"forminator-label\">\u0130l <span class=\"forminator-required\">*<\/span><\/label><select  id=\"forminator-form-32__field--select-1_69e083d4f0103\" class=\"forminator-select--field forminator-select2 forminator-select2-multiple\" data-required=\"1\" name=\"select-1\" data-default-value=\"\" data-hidden-behavior=\"zero\" data-placeholder=\"Se\u00e7\" data-search=\"false\" data-search-placeholder=\"Se\u00e7\" data-checkbox=\"false\" data-allow-clear=\"false\" aria-labelledby=\"forminator-form-32__field--select-1_69e083d4f0103-label\"><option value=\"\"  >Se\u00e7<\/option><option value=\"\u0130stanbul\"  data-calculation=\"0\">\u0130stanbul<\/option><option value=\"Adana\"  data-calculation=\"0\">Adana<\/option><option value=\"Ad\u0131yaman\"  data-calculation=\"0\">Ad\u0131yaman<\/option><option value=\"Afyonkarahisar\"  data-calculation=\"0\">Afyonkarahisar<\/option><option value=\"A\u011fr\u0131\"  data-calculation=\"0\">A\u011fr\u0131<\/option><option value=\"Aksaray\"  data-calculation=\"0\">Aksaray<\/option><option value=\"Amasya\"  data-calculation=\"0\">Amasya<\/option><option value=\"Ankara\"  data-calculation=\"0\">Ankara<\/option><option value=\"Antalya\"  data-calculation=\"0\">Antalya<\/option><option value=\"Ardahan\"  data-calculation=\"0\">Ardahan<\/option><option value=\"Artvin\"  data-calculation=\"0\">Artvin<\/option><option value=\"Ayd\u0131n\"  data-calculation=\"0\">Ayd\u0131n<\/option><option value=\"Bal\u0131kesir\"  data-calculation=\"0\">Bal\u0131kesir<\/option><option value=\"Bart\u0131n\"  data-calculation=\"0\">Bart\u0131n<\/option><option value=\"Batman\"  data-calculation=\"0\">Batman<\/option><option value=\"Bayburt\"  data-calculation=\"0\">Bayburt<\/option><option value=\"Bilecik\"  data-calculation=\"0\">Bilecik<\/option><option value=\"Bing\u00f6l\"  data-calculation=\"0\">Bing\u00f6l<\/option><option value=\"Bitlis\"  data-calculation=\"0\">Bitlis<\/option><option value=\"Bolu\"  data-calculation=\"0\">Bolu<\/option><option value=\"Burdur\"  data-calculation=\"0\">Burdur<\/option><option value=\"Bursa\"  data-calculation=\"0\">Bursa<\/option><option value=\"\u00c7anakkale\"  data-calculation=\"0\">\u00c7anakkale<\/option><option value=\"\u00c7ank\u0131r\u0131\"  data-calculation=\"0\">\u00c7ank\u0131r\u0131<\/option><option value=\"\u00c7orum\"  data-calculation=\"0\">\u00c7orum<\/option><option value=\"Denizli\"  data-calculation=\"0\">Denizli<\/option><option value=\"Diyarbak\u0131r\"  data-calculation=\"0\">Diyarbak\u0131r<\/option><option value=\"D\u00fczce\"  data-calculation=\"0\">D\u00fczce<\/option><option value=\"Edirne\"  data-calculation=\"0\">Edirne<\/option><option value=\"Elaz\u0131\u011f\"  data-calculation=\"0\">Elaz\u0131\u011f<\/option><option value=\"Erzincan\"  data-calculation=\"0\">Erzincan<\/option><option value=\"Erzurum\"  data-calculation=\"0\">Erzurum<\/option><option value=\"Eski\u015fehir\"  data-calculation=\"0\">Eski\u015fehir<\/option><option value=\"Gaziantep\"  data-calculation=\"0\">Gaziantep<\/option><option value=\"Giresun\"  data-calculation=\"0\">Giresun<\/option><option value=\"G\u00fcm\u00fc\u015fhane\"  data-calculation=\"0\">G\u00fcm\u00fc\u015fhane<\/option><option value=\"Hakk\u00e2ri\"  data-calculation=\"0\">Hakk\u00e2ri<\/option><option value=\"Hatay\"  data-calculation=\"0\">Hatay<\/option><option value=\"I\u011fd\u0131r\"  data-calculation=\"0\">I\u011fd\u0131r<\/option><option value=\"Isparta\"  data-calculation=\"0\">Isparta<\/option><option value=\"\u0130zmir\"  data-calculation=\"0\">\u0130zmir<\/option><option value=\"Kahramanmara\u015f\"  data-calculation=\"0\">Kahramanmara\u015f<\/option><option value=\"Karab\u00fck\"  data-calculation=\"0\">Karab\u00fck<\/option><option value=\"Karaman\"  data-calculation=\"0\">Karaman<\/option><option value=\"Kars\"  data-calculation=\"0\">Kars<\/option><option value=\"Kastamonu\"  data-calculation=\"0\">Kastamonu<\/option><option value=\"Kayseri\"  data-calculation=\"0\">Kayseri<\/option><option value=\"K\u0131r\u0131kkale\"  data-calculation=\"0\">K\u0131r\u0131kkale<\/option><option value=\"K\u0131rklareli\"  data-calculation=\"0\">K\u0131rklareli<\/option><option value=\"K\u0131r\u015fehir\"  data-calculation=\"0\">K\u0131r\u015fehir<\/option><option value=\"Kilis\"  data-calculation=\"0\">Kilis<\/option><option value=\"Kocaeli\"  data-calculation=\"0\">Kocaeli<\/option><option value=\"Konya\"  data-calculation=\"0\">Konya<\/option><option value=\"K\u00fctahya\"  data-calculation=\"0\">K\u00fctahya<\/option><option value=\"Malatya\"  data-calculation=\"0\">Malatya<\/option><option value=\"Manisa\"  data-calculation=\"0\">Manisa<\/option><option value=\"Mardin\"  data-calculation=\"0\">Mardin<\/option><option value=\"Mersin (\u0130\u00e7el)\"  data-calculation=\"0\">Mersin (\u0130\u00e7el)<\/option><option value=\"Mu\u011fla\"  data-calculation=\"0\">Mu\u011fla<\/option><option value=\"Mu\u015f\"  data-calculation=\"0\">Mu\u015f<\/option><option value=\"Nev\u015fehir\"  data-calculation=\"0\">Nev\u015fehir<\/option><option value=\"Ni\u011fde\"  data-calculation=\"0\">Ni\u011fde<\/option><option value=\"Ordu\"  data-calculation=\"0\">Ordu<\/option><option value=\"Osmaniye\"  data-calculation=\"0\">Osmaniye<\/option><option value=\"Rize\"  data-calculation=\"0\">Rize<\/option><option value=\"Sakarya\"  data-calculation=\"0\">Sakarya<\/option><option value=\"Samsun\"  data-calculation=\"0\">Samsun<\/option><option value=\"Siirt\"  data-calculation=\"0\">Siirt<\/option><option value=\"Sinop\"  data-calculation=\"0\">Sinop<\/option><option value=\"Sivas\"  data-calculation=\"0\">Sivas<\/option><option value=\"\u015eanl\u0131urfa\"  data-calculation=\"0\">\u015eanl\u0131urfa<\/option><option value=\"\u015e\u0131rnak\"  data-calculation=\"0\">\u015e\u0131rnak<\/option><option value=\"Tekirda\u011f\"  data-calculation=\"0\">Tekirda\u011f<\/option><option value=\"Tokat\"  data-calculation=\"0\">Tokat<\/option><option value=\"Trabzon\"  data-calculation=\"0\">Trabzon<\/option><option value=\"Tunceli\"  data-calculation=\"0\">Tunceli<\/option><option value=\"U\u015fak\"  data-calculation=\"0\">U\u015fak<\/option><option value=\"Van\"  data-calculation=\"0\">Van<\/option><option value=\"Yalova\"  data-calculation=\"0\">Yalova<\/option><option value=\"Yozgat\"  data-calculation=\"0\">Yozgat<\/option><option value=\"Zonguldak\"  data-calculation=\"0\">Zonguldak<\/option><\/select><\/div><\/div><\/div><div class=\"forminator-row\"><div id=\"select-2\" class=\"forminator-field-select forminator-col forminator-col-12 \"><div class=\"forminator-field\"><select  id=\"forminator-form-32__field--select-2_69e083d4f0103\" class=\"forminator-select--field forminator-select2 forminator-select2-multiple\" data-required=\"1\" name=\"select-2\" data-default-value=\"\" data-hidden-behavior=\"zero\" data-placeholder=\"Cinsiyet\" data-search=\"false\" data-search-placeholder=\"Cinsiyet\" data-checkbox=\"false\" data-allow-clear=\"false\" aria-labelledby=\"forminator-form-32__field--select-2_69e083d4f0103-label\"><option value=\"\"  >Cinsiyet<\/option><option value=\"Kad\u0131n\"  data-calculation=\"0\">Kad\u0131n<\/option><option value=\"Erkek\"  data-calculation=\"0\">Erkek<\/option><\/select><\/div><\/div><\/div><div class=\"forminator-row\"><div id=\"text-1\" class=\"forminator-field-text forminator-col forminator-col-12 \"><div class=\"forminator-field\"><label for=\"forminator-field-text-1_69e083d4f0103\" id=\"forminator-field-text-1_69e083d4f0103-label\" class=\"forminator-label\">\u0130l\u00e7e <span class=\"forminator-required\">*<\/span><\/label><input type=\"text\" name=\"text-1\" value=\"\" placeholder=\"\" id=\"forminator-field-text-1_69e083d4f0103\" class=\"forminator-input forminator-name--field\" data-required=\"1\" \/><\/div><\/div><\/div><div class=\"forminator-row\"><div id=\"radio-1\" class=\"forminator-field-radio forminator-col forminator-col-12 \"><div role=\"radiogroup\" class=\"forminator-field\" aria-labelledby=\"forminator-radiogroup-radio-1-69e083d4f0103-label\"><span id=\"forminator-radiogroup-radio-1-69e083d4f0103-label\" class=\"forminator-label\">Motosiklet T\u00fcr\u00fc <span class=\"forminator-required\">*<\/span><\/span><label id=\"forminator-field-radio-1-label-1\" for=\"forminator-field-radio-1-1-69e083d4f0103\" class=\"forminator-radio\" title=\"110cc ve \u00fczeri\"><input type=\"radio\" name=\"radio-1\" value=\"110cc ve \u00fczeri\" id=\"forminator-field-radio-1-1-69e083d4f0103\" aria-labelledby=\"forminator-field-radio-1-label-1\" data-calculation=\"0\"   data-hidden-behavior=\"zero\"\/><span class=\"forminator-radio-bullet\" aria-hidden=\"true\"><\/span><span class=\"forminator-radio-label\">110cc ve \u00fczeri<\/span><\/label><label id=\"forminator-field-radio-1-label-2\" for=\"forminator-field-radio-1-2-69e083d4f0103\" class=\"forminator-radio\" title=\"50cc\"><input type=\"radio\" name=\"radio-1\" value=\"50cc\" id=\"forminator-field-radio-1-2-69e083d4f0103\" aria-labelledby=\"forminator-field-radio-1-label-2\" data-calculation=\"0\"   data-hidden-behavior=\"zero\"\/><span class=\"forminator-radio-bullet\" aria-hidden=\"true\"><\/span><span class=\"forminator-radio-label\">50cc<\/span><\/label><label id=\"forminator-field-radio-1-label-3\" for=\"forminator-field-radio-1-3-69e083d4f0103\" class=\"forminator-radio\" title=\"Motosikletim yok\"><input type=\"radio\" name=\"radio-1\" value=\"Motosikletim-yok\" id=\"forminator-field-radio-1-3-69e083d4f0103\" aria-labelledby=\"forminator-field-radio-1-label-3\" data-calculation=\"0\"   data-hidden-behavior=\"zero\"\/><span class=\"forminator-radio-bullet\" aria-hidden=\"true\"><\/span><span class=\"forminator-radio-label\">Motosikletim yok<\/span><\/label><\/div><\/div><\/div><div class=\"forminator-row\"><div id=\"radio-2\" class=\"forminator-field-radio forminator-col forminator-col-12 \"><div role=\"radiogroup\" class=\"forminator-field\" aria-labelledby=\"forminator-radiogroup-radio-2-69e083d4f0103-label\"><span id=\"forminator-radiogroup-radio-2-69e083d4f0103-label\" class=\"forminator-label\">\u015eirket Durumu <span class=\"forminator-required\">*<\/span><\/span><label id=\"forminator-field-radio-2-label-1\" for=\"forminator-field-radio-2-1-69e083d4f0103\" class=\"forminator-radio\" title=\"\u015eah\u0131s \u015firketim var\"><input type=\"radio\" name=\"radio-2\" value=\"\u015eah\u0131s \u015firketim var\" id=\"forminator-field-radio-2-1-69e083d4f0103\" aria-labelledby=\"forminator-field-radio-2-label-1\" data-calculation=\"0\"   data-hidden-behavior=\"zero\"\/><span class=\"forminator-radio-bullet\" aria-hidden=\"true\"><\/span><span class=\"forminator-radio-label\">\u015eah\u0131s \u015firketim var<\/span><\/label><label id=\"forminator-field-radio-2-label-2\" for=\"forminator-field-radio-2-2-69e083d4f0103\" class=\"forminator-radio\" title=\"\u015eah\u0131r \u015firketim yok\"><input type=\"radio\" name=\"radio-2\" value=\"\u015eah\u0131r \u015firketim yok\" id=\"forminator-field-radio-2-2-69e083d4f0103\" aria-labelledby=\"forminator-field-radio-2-label-2\" data-calculation=\"0\"   data-hidden-behavior=\"zero\"\/><span class=\"forminator-radio-bullet\" aria-hidden=\"true\"><\/span><span class=\"forminator-radio-label\">\u015eah\u0131r \u015firketim yok<\/span><\/label><\/div><\/div><\/div><div class=\"forminator-row\"><div id=\"radio-3\" class=\"forminator-field-radio forminator-col forminator-col-12 \"><div role=\"radiogroup\" class=\"forminator-field\" aria-labelledby=\"forminator-radiogroup-radio-3-69e083d4f0103-label\"><span id=\"forminator-radiogroup-radio-3-69e083d4f0103-label\" class=\"forminator-label\">P1* Belge Durumu <span class=\"forminator-required\">*<\/span><\/span><label id=\"forminator-field-radio-3-label-1\" for=\"forminator-field-radio-3-1-69e083d4f0103\" class=\"forminator-radio\" title=\"P1* Belgem var\"><input type=\"radio\" name=\"radio-3\" value=\"P1* Belgem var\" id=\"forminator-field-radio-3-1-69e083d4f0103\" aria-labelledby=\"forminator-field-radio-3-label-1\" data-calculation=\"0\"   data-hidden-behavior=\"zero\"\/><span class=\"forminator-radio-bullet\" aria-hidden=\"true\"><\/span><span class=\"forminator-radio-label\">P1* Belgem var<\/span><\/label><label id=\"forminator-field-radio-3-label-2\" for=\"forminator-field-radio-3-2-69e083d4f0103\" class=\"forminator-radio\" title=\"P1* Belgem yok\"><input type=\"radio\" name=\"radio-3\" value=\"P1* Belgem yok\" id=\"forminator-field-radio-3-2-69e083d4f0103\" aria-labelledby=\"forminator-field-radio-3-label-2\" data-calculation=\"0\"   data-hidden-behavior=\"zero\"\/><span class=\"forminator-radio-bullet\" aria-hidden=\"true\"><\/span><span class=\"forminator-radio-label\">P1* Belgem yok<\/span><\/label><\/div><\/div><\/div><input type=\"hidden\" name=\"referer_url\" value=\"\" \/><div class=\"forminator-row forminator-row-last\"><div class=\"forminator-col\"><div class=\"forminator-field\"><button class=\"forminator-button forminator-button-submit\">Ba\u015fvuruyu G&ouml;nder<\/button><\/div><\/div><\/div><input type=\"hidden\" id=\"forminator_nonce\" name=\"forminator_nonce\" value=\"647a7975b0\" \/><input type=\"hidden\" name=\"_wp_http_referer\" value=\"\/basvuru-landing\/wp-json\/wp\/v2\/pages\/14\" \/><input type=\"hidden\" name=\"form_id\" value=\"32\"><input type=\"hidden\" name=\"page_id\" value=\"14\"><input type=\"hidden\" name=\"form_type\" value=\"default\"><input type=\"hidden\" name=\"current_url\" value=\"https:\/\/pointdelivery.com.tr\/basvuru-landing\/\"><input type=\"hidden\" name=\"render_id\" value=\"0\"><input type=\"hidden\" name=\"action\" value=\"forminator_submit_form_custom-forms\"><\/form><\/div>\n\t\t\t\t\t\t<\/div>\n\t\t\t\t<\/div>\n\t\t\t\t\t<\/div>\n\t\t\t\t<\/div>\n\t\t<div class=\"elementor-element elementor-element-f91a57f e-flex e-con-boxed e-con e-parent\" data-id=\"f91a57f\" data-element_type=\"container\">\n\t\t\t\t\t<div class=\"e-con-inner\">\n\t\t\t\t<div class=\"elementor-element elementor-element-f98c8b1 elementor-widget elementor-widget-spacer\" data-id=\"f98c8b1\" data-element_type=\"widget\" data-widget_type=\"spacer.default\">\n\t\t\t\t\t\t\t<div class=\"elementor-spacer\">\n\t\t\t<div class=\"elementor-spacer-inner\"><\/div>\n\t\t<\/div>\n\t\t\t\t\t\t<\/div>\n\t\t\t\t\t<\/div>\n\t\t\t\t<\/div>\n\t\t<div class=\"elementor-element elementor-element-62066b5 e-flex e-con-boxed e-con e-parent\" data-id=\"62066b5\" data-element_type=\"container\">\n\t\t\t\t\t<div class=\"e-con-inner\">\n\t\t\t\t<div class=\"elementor-element elementor-element-380ffd4 elementor-widget elementor-widget-text-editor\" data-id=\"380ffd4\" data-element_type=\"widget\" data-widget_type=\"text-editor.default\">\n\t\t\t\t\t\t\t\t\t<p><span style=\"color: #000000;\"><a style=\"color: #000000;\" href=\"\/basvuru-landing\/kvkk-aydinlatma-metni\">KVKK Ayd\u0131nlatma Metni<\/a>\u00a0 \u00a0<a style=\"color: #000000;\" href=\"\/basvuru-landing\/cerez-politikasi\">\u00c7erez Politikas\u0131<\/a>\u00a0 \u00a0<a style=\"color: #000000;\" href=\"\/basvuru-landing\/gizlilik-sozlesmesi\">Gizlilik S\u00f6zle\u015fmesi<\/a><\/span><\/p>\t\t\t\t\t\t\t\t<\/div>\n\t\t\t\t\t<\/div>\n\t\t\t\t<\/div>\n\t\t\t\t<\/div>\n\t\t","protected":false},"excerpt":{"rendered":"<p>Point Delivery B\u00fcnyesinde Sigortal\u0131 \u00c7al\u0131\u015fma F\u0131rsat\u0131! Haftal\u0131k 30.000 TL&#8217;ye varan kazan\u00e7 ile \u015fimdi aram\u0131za kat\u0131l! \u00dcstelik P1 belgeniz yoksa P2 belgemiz ile \u00e7al\u0131\u015fmaya hemen ba\u015flayabilirsiniz. Hemen Ba\u015fvur KVKK Ayd\u0131nlatma Metni\u00a0 \u00a0\u00c7erez Politikas\u0131\u00a0 \u00a0Gizlilik S\u00f6zle\u015fmesi<\/p>\n","protected":false},"author":1,"featured_media":0,"parent":0,"menu_order":0,"comment_status":"closed","ping_status":"closed","template":"elementor_canvas","meta":{"footnotes":""},"class_list":["post-14","page","type-page","status-publish","hentry"],"_links":{"self":[{"href":"https:\/\/pointdelivery.com.tr\/basvuru-landing\/wp-json\/wp\/v2\/pages\/14","targetHints":{"allow":["GET"]}}],"collection":[{"href":"https:\/\/pointdelivery.com.tr\/basvuru-landing\/wp-json\/wp\/v2\/pages"}],"about":[{"href":"https:\/\/pointdelivery.com.tr\/basvuru-landing\/wp-json\/wp\/v2\/types\/page"}],"author":[{"embeddable":true,"href":"https:\/\/pointdelivery.com.tr\/basvuru-landing\/wp-json\/wp\/v2\/users\/1"}],"replies":[{"embeddable":true,"href":"https:\/\/pointdelivery.com.tr\/basvuru-landing\/wp-json\/wp\/v2\/comments?post=14"}],"version-history":[{"count":97,"href":"https:\/\/pointdelivery.com.tr\/basvuru-landing\/wp-json\/wp\/v2\/pages\/14\/revisions"}],"predecessor-version":[{"id":171,"href":"https:\/\/pointdelivery.com.tr\/basvuru-landing\/wp-json\/wp\/v2\/pages\/14\/revisions\/171"}],"wp:attachment":[{"href":"https:\/\/pointdelivery.com.tr\/basvuru-landing\/wp-json\/wp\/v2\/media?parent=14"}],"curies":[{"name":"wp","href":"https:\/\/api.w.org\/{rel}","templated":true}]}}